{"id":1121,"date":"2023-08-11T07:12:57","date_gmt":"2023-08-11T07:12:57","guid":{"rendered":"https:\/\/themedox.com\/gerow\/?page_id=1121"},"modified":"2024-07-20T14:07:51","modified_gmt":"2024-07-20T13:07:51","slug":"our-projects","status":"publish","type":"page","link":"https:\/\/puniminds.com\/fr\/our-projects\/","title":{"rendered":"Nos projets"},"content":{"rendered":"<div data-elementor-type=\"wp-page\" data-elementor-id=\"1121\" class=\"elementor elementor-1121\">\n\t\t\t\t\t\t\t\t\t<section class=\"elementor-section elementor-top-section elementor-element elementor-element-27be114 elementor-section-boxed elementor-section-height-default elementor-section-height-default\" data-id=\"27be114\" data-element_type=\"section\" data-settings=\"{&quot;background_background&quot;:&quot;classic&quot;}\">\n\t\t\t\t\t\t<div class=\"elementor-container elementor-column-gap-no\">\n\t\t\t\t\t<div class=\"elementor-column elementor-col-100 elementor-top-column elementor-element elementor-element-2086488\" data-id=\"2086488\" data-element_type=\"column\">\n\t\t\t<div class=\"elementor-widget-wrap elementor-element-populated\">\n\t\t\t\t\t\t\t\t<div class=\"elementor-element elementor-element-dd708bf elementor-widget elementor-widget-html\" data-id=\"dd708bf\" data-element_type=\"widget\" data-widget_type=\"html.default\">\n\t\t\t\t<div class=\"elementor-widget-container\">\n\t\t\t<!-- Calendly badge widget begin -->\r\n<link href=\"https:\/\/assets.calendly.com\/assets\/external\/widget.css\" rel=\"stylesheet\">\r\n<script src=\"https:\/\/assets.calendly.com\/assets\/external\/widget.js\" type=\"text\/javascript\" async><\/script>\r\n<script type=\"text\/javascript\">window.onload = function() { Calendly.initBadgeWidget({ url: 'https:\/\/calendly.com\/puniminds\/30min', text: 'Schedule a Call', color: '#0069ff', textColor: '#ffffff', branding: true }); }<\/script>\r\n<!-- Calendly badge widget end -->\t\t<\/div>\n\t\t\t\t<\/div>\n\t\t\t\t<section class=\"elementor-section elementor-inner-section elementor-element elementor-element-00c14c0 elementor-section-full_width elementor-section-content-middle elementor-section-height-default elementor-section-height-default\" data-id=\"00c14c0\" data-element_type=\"section\">\n\t\t\t\t\t\t<div class=\"elementor-container elementor-column-gap-no\">\n\t\t\t\t\t<div class=\"elementor-column elementor-col-50 elementor-inner-column elementor-element elementor-element-0ba1385\" data-id=\"0ba1385\" data-element_type=\"column\">\n\t\t\t<div class=\"elementor-widget-wrap elementor-element-populated\">\n\t\t\t\t\t\t\t\t<div class=\"elementor-element elementor-element-71cc16f elementor-widget elementor-widget-tg-heading\" data-id=\"71cc16f\" data-element_type=\"widget\" data-widget_type=\"tg-heading.default\">\n\t\t\t\t<div class=\"elementor-widget-container\">\n\t\t\t\r\n        \r\n            <div class=\"section-title-two tg-heading-subheading animation-style3\">\r\n                                    <span class=\"sub-title\">Projets complets<\/span>\r\n                                <h2 class=\"title tg-element-title\">Nos projets r\u00e9cents<\/h2>            <\/div>\r\n\r\n        \r\n\t\t<\/div>\n\t\t\t\t<\/div>\n\t\t\t\t\t<\/div>\n\t\t<\/div>\n\t\t\t\t<div class=\"elementor-column elementor-col-50 elementor-inner-column elementor-element elementor-element-2e82f8a\" data-id=\"2e82f8a\" data-element_type=\"column\">\n\t\t\t<div class=\"elementor-widget-wrap elementor-element-populated\">\n\t\t\t\t\t\t\t\t\t<\/div>\n\t\t<\/div>\n\t\t\t\t\t\t\t<\/div>\n\t\t<\/section>\n\t\t\t\t<section class=\"elementor-section elementor-inner-section elementor-element elementor-element-fe9645d elementor-section-full_width elementor-section-content-middle elementor-section-height-default elementor-section-height-default\" data-id=\"fe9645d\" data-element_type=\"section\">\n\t\t\t\t\t\t<div class=\"elementor-container elementor-column-gap-no\">\n\t\t\t\t\t<div class=\"elementor-column elementor-col-100 elementor-inner-column elementor-element elementor-element-87486e8\" data-id=\"87486e8\" data-element_type=\"column\">\n\t\t\t<div class=\"elementor-widget-wrap elementor-element-populated\">\n\t\t\t\t\t\t\t\t<div class=\"elementor-element elementor-element-fc08430 elementor-widget elementor-widget-project-list\" data-id=\"fc08430\" data-element_type=\"widget\" data-widget_type=\"project-list.default\">\n\t\t\t\t<div class=\"elementor-widget-container\">\n\t\t\t\r\n        \r\n            <div class=\"row justify-content-center\">\r\n                \r\n                                            <div class=\"col-lg-4 col-md-6\">\r\n                            <div class=\"project-item-two\">\r\n                                <div class=\"project-thumb-two\">\r\n                                    <img decoding=\"async\" src=\"https:\/\/puniminds.com\/wp-content\/uploads\/2023\/09\/MLOPS-PhotoRoom.png-PhotoRoom.png\" alt=\"Image\">\r\n                                <\/div>\r\n                                <div class=\"project-content-two\">\r\n                                    <h2 class=\"title\"><a href=\"https:\/\/puniminds.com\/fr\/project\/the-data-science-factory\/\">Machine learning sur mesure sur Bigquery<\/a><\/h2>\r\n                                    <span>Ing\u00e9nierie\/MLops<\/span>\r\n                                    <a href=\"https:\/\/puniminds.com\/fr\/project\/the-data-science-factory\/\" class=\"link-btn\"><i class=\"fas fa-chevron-right\"><\/i><\/a>\r\n                                <\/div>\r\n                            <\/div>\r\n                        <\/div>\r\n                    \r\n                \r\n                                            <div class=\"col-lg-4 col-md-6\">\r\n                            <div class=\"project-item-two\">\r\n                                <div class=\"project-thumb-two\">\r\n                                    <img decoding=\"async\" src=\"https:\/\/puniminds.com\/wp-content\/uploads\/2023\/09\/imgonline-com-ua-ReplaceColor-Yki7fmmZop5rXWK-e1693856913316.jpg\" alt=\"Image\">\r\n                                <\/div>\r\n                                <div class=\"project-content-two\">\r\n                                    <h2 class=\"title\"><a href=\"https:\/\/puniminds.com\/fr\/project\/propensity-modelling-scoring-for-online-ads-targeting\/\">Analyse et pr\u00e9dication de l'app\u00e9tence<\/a><\/h2>\r\n                                    <span>Data Science<\/span>\r\n                                    <a href=\"https:\/\/puniminds.com\/fr\/project\/propensity-modelling-scoring-for-online-ads-targeting\/\" class=\"link-btn\"><i class=\"fas fa-chevron-right\"><\/i><\/a>\r\n                                <\/div>\r\n                            <\/div>\r\n                        <\/div>\r\n                    \r\n                \r\n                                            <div class=\"col-lg-4 col-md-6\">\r\n                            <div class=\"project-item-two\">\r\n                                <div class=\"project-thumb-two\">\r\n                                    <img decoding=\"async\" src=\"https:\/\/puniminds.com\/wp-content\/uploads\/2024\/01\/FEATURE-IMAGE-MMM.webp\" alt=\"Image\">\r\n                                <\/div>\r\n                                <div class=\"project-content-two\">\r\n                                    <h2 class=\"title\"><a href=\"https:\/\/puniminds.com\/fr\/project\/marketing-mix-modelling\/\">Mod\u00e9lisation du marketing mix<\/a><\/h2>\r\n                                    <span>Data Science<\/span>\r\n                                    <a href=\"https:\/\/puniminds.com\/fr\/project\/marketing-mix-modelling\/\" class=\"link-btn\"><i class=\"fas fa-chevron-right\"><\/i><\/a>\r\n                                <\/div>\r\n                            <\/div>\r\n                        <\/div>\r\n                    \r\n                \r\n                                            <div class=\"col-lg-4 col-md-6\">\r\n                            <div class=\"project-item-two\">\r\n                                <div class=\"project-thumb-two\">\r\n                                    <img decoding=\"async\" src=\"https:\/\/puniminds.com\/wp-content\/uploads\/2024\/07\/segmentation2.png\" alt=\"Image\">\r\n                                <\/div>\r\n                                <div class=\"project-content-two\">\r\n                                    <h2 class=\"title\"><a href=\"https:\/\/puniminds.com\/fr\/project\/audience-segmentation-analytics-sql\/\">Segmentation de l'audience (analytique\/SQL)<\/a><\/h2>\r\n                                    <span>Data Science<\/span>\r\n                                    <a href=\"https:\/\/puniminds.com\/fr\/project\/audience-segmentation-analytics-sql\/\" class=\"link-btn\"><i class=\"fas fa-chevron-right\"><\/i><\/a>\r\n                                <\/div>\r\n                            <\/div>\r\n                        <\/div>\r\n                    \r\n                            <\/div>\r\n\r\n        \r\n\t\t<\/div>\n\t\t\t\t<\/div>\n\t\t\t\t\t<\/div>\n\t\t<\/div>\n\t\t\t\t\t\t\t<\/div>\n\t\t<\/section>\n\t\t\t\t\t<\/div>\n\t\t<\/div>\n\t\t\t\t\t\t\t<\/div>\n\t\t<\/section>\n\t\t\t\t\t\t\t<\/div>","protected":false},"excerpt":{"rendered":"<p>Projets Complets Nos projets r\u00e9cemment termin\u00e9s Supercharger BigQuery avec des mod\u00e8les ML Ing\u00e9nierie\/MLops Mod\u00e9lisation de la propension Science des donn\u00e9es Mod\u00e9lisation du mix marketing Science des donn\u00e9es Segmentation de l'audience (analytique\/SQL) Science des donn\u00e9es<\/p>","protected":false},"author":1,"featured_media":0,"parent":0,"menu_order":0,"comment_status":"closed","ping_status":"closed","template":"elementor_header_footer","meta":{"footnotes":""},"acf":[],"_links":{"self":[{"href":"https:\/\/puniminds.com\/fr\/wp-json\/wp\/v2\/pages\/1121"}],"collection":[{"href":"https:\/\/puniminds.com\/fr\/wp-json\/wp\/v2\/pages"}],"about":[{"href":"https:\/\/puniminds.com\/fr\/wp-json\/wp\/v2\/types\/page"}],"author":[{"embeddable":true,"href":"https:\/\/puniminds.com\/fr\/wp-json\/wp\/v2\/users\/1"}],"replies":[{"embeddable":true,"href":"https:\/\/puniminds.com\/fr\/wp-json\/wp\/v2\/comments?post=1121"}],"version-history":[{"count":34,"href":"https:\/\/puniminds.com\/fr\/wp-json\/wp\/v2\/pages\/1121\/revisions"}],"predecessor-version":[{"id":1980,"href":"https:\/\/puniminds.com\/fr\/wp-json\/wp\/v2\/pages\/1121\/revisions\/1980"}],"wp:attachment":[{"href":"https:\/\/puniminds.com\/fr\/wp-json\/wp\/v2\/media?parent=1121"}],"curies":[{"name":"wp","href":"https:\/\/api.w.org\/{rel}","templated":true}]}}