{"id":1678,"date":"2023-09-08T10:14:55","date_gmt":"2023-09-08T09:14:55","guid":{"rendered":"https:\/\/puniminds.com\/?page_id=1678"},"modified":"2023-09-10T07:30:04","modified_gmt":"2023-09-10T06:30:04","slug":"our-trainings","status":"publish","type":"page","link":"https:\/\/puniminds.com\/fr\/our-trainings\/","title":{"rendered":"Nos formations"},"content":{"rendered":"<div data-elementor-type=\"wp-page\" data-elementor-id=\"1678\" class=\"elementor elementor-1678\">\n\t\t\t\t\t\t\t\t\t<section class=\"elementor-section elementor-top-section elementor-element elementor-element-27be114 elementor-section-boxed elementor-section-height-default elementor-section-height-default\" data-id=\"27be114\" data-element_type=\"section\" data-settings=\"{&quot;background_background&quot;:&quot;classic&quot;}\">\n\t\t\t\t\t\t<div class=\"elementor-container elementor-column-gap-no\">\n\t\t\t\t\t<div class=\"elementor-column elementor-col-100 elementor-top-column elementor-element elementor-element-2086488\" data-id=\"2086488\" data-element_type=\"column\">\n\t\t\t<div class=\"elementor-widget-wrap elementor-element-populated\">\n\t\t\t\t\t\t\t\t<section class=\"elementor-section elementor-inner-section elementor-element elementor-element-00c14c0 elementor-section-full_width elementor-section-content-middle elementor-section-height-default elementor-section-height-default\" data-id=\"00c14c0\" data-element_type=\"section\">\n\t\t\t\t\t\t<div class=\"elementor-container elementor-column-gap-no\">\n\t\t\t\t\t<div class=\"elementor-column elementor-col-50 elementor-inner-column elementor-element elementor-element-0ba1385\" data-id=\"0ba1385\" data-element_type=\"column\">\n\t\t\t<div class=\"elementor-widget-wrap elementor-element-populated\">\n\t\t\t\t\t\t\t\t<div class=\"elementor-element elementor-element-c561835 elementor-widget elementor-widget-html\" data-id=\"c561835\" data-element_type=\"widget\" data-widget_type=\"html.default\">\n\t\t\t\t<div class=\"elementor-widget-container\">\n\t\t\t<!-- Calendly badge widget begin -->\r\n<link href=\"https:\/\/assets.calendly.com\/assets\/external\/widget.css\" rel=\"stylesheet\">\r\n<script src=\"https:\/\/assets.calendly.com\/assets\/external\/widget.js\" type=\"text\/javascript\" async><\/script>\r\n<script type=\"text\/javascript\">window.onload = function() { Calendly.initBadgeWidget({ url: 'https:\/\/calendly.com\/puniminds\/30min', text: 'Schedule a Call', color: '#0069ff', textColor: '#ffffff', branding: true }); }<\/script>\r\n<!-- Calendly badge widget end -->\t\t<\/div>\n\t\t\t\t<\/div>\n\t\t\t\t<div class=\"elementor-element elementor-element-71cc16f elementor-widget__width-initial elementor-widget elementor-widget-tg-heading\" data-id=\"71cc16f\" data-element_type=\"widget\" data-widget_type=\"tg-heading.default\">\n\t\t\t\t<div class=\"elementor-widget-container\">\n\t\t\t\r\n        \r\n            <div class=\"section-title-two tg-heading-subheading animation-style3\">\r\n                                    <span class=\"sub-title\">Catalogue des formations<\/span>\r\n                                            <\/div>\r\n\r\n        \r\n\t\t<\/div>\n\t\t\t\t<\/div>\n\t\t\t\t<div class=\"elementor-element elementor-element-6fc2475 elementor-widget elementor-widget-heading\" data-id=\"6fc2475\" data-element_type=\"widget\" data-widget_type=\"heading.default\">\n\t\t\t\t<div class=\"elementor-widget-container\">\n\t\t\t<style>\/*! elementor - v3.15.0 - 20-08-2023 *\/\n.elementor-heading-title{padding:0;margin:0;line-height:1}.elementor-widget-heading .elementor-heading-title[class*=elementor-size-]>a{color:inherit;font-size:inherit;line-height:inherit}.elementor-widget-heading .elementor-heading-title.elementor-size-small{font-size:15px}.elementor-widget-heading .elementor-heading-title.elementor-size-medium{font-size:19px}.elementor-widget-heading .elementor-heading-title.elementor-size-large{font-size:29px}.elementor-widget-heading .elementor-heading-title.elementor-size-xl{font-size:39px}.elementor-widget-heading .elementor-heading-title.elementor-size-xxl{font-size:59px}<\/style><h5 class=\"elementor-heading-title elementor-size-medium\">La dur\u00e9e et le contenu sont modulables en fonction de vos besoins et de votre objectif principal.\nPrenez contact avec nous pour discuter de vos besoins.<\/h5>\t\t<\/div>\n\t\t\t\t<\/div>\n\t\t\t\t\t<\/div>\n\t\t<\/div>\n\t\t\t\t<div class=\"elementor-column elementor-col-50 elementor-inner-column elementor-element elementor-element-2e82f8a\" data-id=\"2e82f8a\" data-element_type=\"column\">\n\t\t\t<div class=\"elementor-widget-wrap elementor-element-populated\">\n\t\t\t\t\t\t\t\t\t<\/div>\n\t\t<\/div>\n\t\t\t\t\t\t\t<\/div>\n\t\t<\/section>\n\t\t\t\t\t<\/div>\n\t\t<\/div>\n\t\t\t\t\t\t\t<\/div>\n\t\t<\/section>\n\t\t\t\t<section class=\"elementor-section elementor-top-section elementor-element elementor-element-81e3c4b elementor-section-content-middle elementor-section-boxed elementor-section-height-default elementor-section-height-default\" data-id=\"81e3c4b\" data-element_type=\"section\">\n\t\t\t\t\t\t<div class=\"elementor-container elementor-column-gap-no\">\n\t\t\t\t\t<div class=\"elementor-column elementor-col-50 elementor-top-column elementor-element elementor-element-ddea65c order-2 order-lg-0\" data-id=\"ddea65c\" data-element_type=\"column\">\n\t\t\t<div class=\"elementor-widget-wrap elementor-element-populated\">\n\t\t\t\t\t\t\t\t<div class=\"elementor-element elementor-element-a44d15f elementor-widget elementor-widget-tg-heading\" data-id=\"a44d15f\" data-element_type=\"widget\" data-widget_type=\"tg-heading.default\">\n\t\t\t\t<div class=\"elementor-widget-container\">\n\t\t\t\r\n        \r\n            <div class=\"section-title-two tg-heading-subheading animation-none3\">\r\n                                <h3 class=\"title tg-element-title\">La Data Science au service du marketing<\/h3>            <\/div>\r\n\r\n        \r\n\t\t<\/div>\n\t\t\t\t<\/div>\n\t\t\t\t<div class=\"elementor-element elementor-element-aba89da elementor-widget__width-initial elementor-widget elementor-widget-tg-iconbox\" data-id=\"aba89da\" data-element_type=\"widget\" data-widget_type=\"tg-iconbox.default\">\n\t\t\t\t<div class=\"elementor-widget-container\">\n\t\t\t\r\n        \r\n            <div class=\"about-list-three\">\r\n                <ul class=\"list-wrap\">\r\n                                            <li>\r\n                                                            <div class=\"icon\">\r\n                                    <i aria-hidden=\"true\" class=\"genix flaticon-business-presentation\"><\/i>                                <\/div>\r\n                                                        <div class=\"content\">\r\n                                <h2 class=\"title\">Sommaire<\/h2>\r\n                                                                    <p>- Pr\u00e9senter la Data Science, le machine learning, leurs applications en marketing et leur impact sur l'entreprise.\n<br>\n - D\u00e9couvrir plus de 10 cas d'usage data marketing dans le monde r\u00e9el et apprendre \u00e0 les aborder. <br>\n\n - Th\u00e9matiques li\u00e9s \u00e0 la gestion des donn\u00e9es, <b>acquisition de clients<\/b>, <b>fid\u00e9lisation des clients<\/b>, <b>l'analyse du comportement<\/b>,  <b>am\u00e9lioration de l'exp\u00e9rience num\u00e9rique<\/b>et <b>gestion des campagnes de marketing <\/b> sont abord\u00e9s.\n\n\n  <br>\n - Approfondissement de deux cas d'usage r\u00e9el impliquant la data science et l'apprentissage automatique pour le marketing (d\u00e9finition du contexte commercial, cadrage, mod\u00e9lisation, \u00e9valuation des r\u00e9sultats...).<\/p>\r\n                                                            <\/div>\r\n                        <\/li>\r\n                                            <li>\r\n                                                            <div class=\"icon\">\r\n                                    <i aria-hidden=\"true\" class=\"fal fa-users\"><\/i>                                <\/div>\r\n                                                        <div class=\"content\">\r\n                                <h2 class=\"title\">Public<\/h2>\r\n                                                                    <p>- Cette formation est con\u00e7ue pour donner une vue d'ensemble des cas d'usage data science d'un point de vue de l'utilisateur <b>d'un point de vue du produit.<\/b> \n<br> \n\n- Elle servira les Managers data \u00e0 trouver des id\u00e9es pour \u00e9laborer et prioriser des cas d'usage pour leurs entreprises.\n<br>\n\n- Elle contient des ateliers techniques suppl\u00e9mentaires avec <b>les data scientists et les data engineers<\/b> pour se concentrer sur la mani\u00e8re de concevoir et d'industrialiser des mod\u00e8les pour de tels cas d'usage.\n<br>\n<br>\n <b>Profils<\/b>:\nData Consultants, product owners, Data scientists et Data engineers\n\n<br>Le contenu pourrait \u00eatre adapt\u00e9 aux int\u00e9r\u00eats de l'\u00e9quipe.<\/p>\r\n                                                            <\/div>\r\n                        <\/li>\r\n                                            <li>\r\n                                                            <div class=\"icon\">\r\n                                    <i aria-hidden=\"true\" class=\"genix flaticon-trophy\"><\/i>                                <\/div>\r\n                                                        <div class=\"content\">\r\n                                <h2 class=\"title\">Apprentissages<\/h2>\r\n                                                                    <p>A la fin de la formation, vous aurez acquis des connaissances sur l'impact potentiel de la science des donn\u00e9es sur les entreprises et le marketing \u00e0 travers une dizaine des cas d'usage r\u00e9els. En outre, vous aurez eu l'occasion d'approfondir et de comprendre la m\u00e9thodologie de deux cas d'usage courants (<b>Scoring d'app\u00e9tence <\/b>et <b>segmentation comportementale de la client\u00e8le<\/b>).<\/p>\r\n                                                            <\/div>\r\n                        <\/li>\r\n                                    <\/ul>\r\n            <\/div>\r\n\r\n        \r\n\t\t<\/div>\n\t\t\t\t<\/div>\n\t\t\t\t<div class=\"elementor-element elementor-element-de11351 elementor-widget elementor-widget-tg-btn\" data-id=\"de11351\" data-element_type=\"widget\" data-widget_type=\"tg-btn.default\">\n\t\t\t\t<div class=\"elementor-widget-container\">\n\t\t\t\r\n        \r\n                            <a href=\"https:\/\/puniminds.com\/fr\/contact-us\/\" target=\"_self\" rel=\"nofollow\" class=\"btn\">\r\n                    Contact Pour plus de d\u00e9tails                <\/a>\r\n            \r\n        \r\n\t\t<\/div>\n\t\t\t\t<\/div>\n\t\t\t\t\t<\/div>\n\t\t<\/div>\n\t\t\t\t<div class=\"elementor-column elementor-col-50 elementor-top-column elementor-element elementor-element-6ae574c mx-auto mx-lg-0\" data-id=\"6ae574c\" data-element_type=\"column\">\n\t\t\t<div class=\"elementor-widget-wrap elementor-element-populated\">\n\t\t\t\t\t\t\t\t<div class=\"elementor-element elementor-element-391fb9f elementor-widget__width-initial elementor-widget elementor-widget-genix-image\" data-id=\"391fb9f\" data-element_type=\"widget\" data-widget_type=\"genix-image.default\">\n\t\t\t\t<div class=\"elementor-widget-container\">\n\t\t\t\r\n        \r\n            <div class=\"choose-img-two\">\r\n                                    <img decoding=\"async\" src=\"https:\/\/puniminds.com\/wp-content\/uploads\/2023\/09\/data-science-marketing-e1694178775131.webp\" alt=\"\">\r\n                \r\n                \r\n                            <\/div>\r\n\r\n        \r\n\t\t<\/div>\n\t\t\t\t<\/div>\n\t\t\t\t\t<\/div>\n\t\t<\/div>\n\t\t\t\t\t\t\t<\/div>\n\t\t<\/section>\n\t\t\t\t<section class=\"elementor-section elementor-top-section elementor-element elementor-element-bd2b786 elementor-section-content-middle elementor-section-boxed elementor-section-height-default elementor-section-height-default\" data-id=\"bd2b786\" data-element_type=\"section\">\n\t\t\t\t\t\t<div class=\"elementor-container elementor-column-gap-no\">\n\t\t\t\t\t<div class=\"elementor-column elementor-col-50 elementor-top-column elementor-element elementor-element-8c6f312 order-2 order-lg-0\" data-id=\"8c6f312\" data-element_type=\"column\">\n\t\t\t<div class=\"elementor-widget-wrap elementor-element-populated\">\n\t\t\t\t\t\t\t\t<div class=\"elementor-element elementor-element-3f206a1 elementor-widget__width-initial elementor-widget elementor-widget-tg-heading\" data-id=\"3f206a1\" data-element_type=\"widget\" data-widget_type=\"tg-heading.default\">\n\t\t\t\t<div class=\"elementor-widget-container\">\n\t\t\t\r\n        \r\n            <div class=\"section-title-two tg-heading-subheading animation-none3\">\r\n                                <h3 class=\"title tg-element-title\">D\u00e9veloppez votre projet Data\/ML :\n Focus sur le MLops<\/h3>            <\/div>\r\n\r\n        \r\n\t\t<\/div>\n\t\t\t\t<\/div>\n\t\t\t\t<div class=\"elementor-element elementor-element-7d78b80 elementor-widget__width-initial elementor-widget elementor-widget-tg-iconbox\" data-id=\"7d78b80\" data-element_type=\"widget\" data-widget_type=\"tg-iconbox.default\">\n\t\t\t\t<div class=\"elementor-widget-container\">\n\t\t\t\r\n        \r\n            <div class=\"about-list-three\">\r\n                <ul class=\"list-wrap\">\r\n                                            <li>\r\n                                                            <div class=\"icon\">\r\n                                    <i aria-hidden=\"true\" class=\"genix flaticon-business-presentation\"><\/i>                                <\/div>\r\n                                                        <div class=\"content\">\r\n                                <h2 class=\"title\">Sommaire<\/h2>\r\n                                                                    <p>- S'initier aux outils et techniques pour g\u00e9rer efficacement les projets ML.\n<br>\n - D\u00e9couvrez comment d\u00e9ployer, mettre \u00e0 l'\u00e9chelle et contr\u00f4ler les performances de vos mod\u00e8les de ML. <br>\n\n - Les sujets li\u00e9s \u00e0 la reproductibilit\u00e9 des mod\u00e8les, au suivi des exp\u00e9riences, au versionnage, d\u00e9ploiement en API, la surveillance et \u00e0 la mise \u00e0 l'\u00e9chelle seront discut\u00e9s en d\u00e9tail en se r\u00e9f\u00e9rant \u00e0 des projets r\u00e9els que nous avons vus dans diff\u00e9rentes entreprises. <\/p>\r\n                                                            <\/div>\r\n                        <\/li>\r\n                                            <li>\r\n                                                            <div class=\"icon\">\r\n                                    <i aria-hidden=\"true\" class=\"fal fa-users\"><\/i>                                <\/div>\r\n                                                        <div class=\"content\">\r\n                                <h2 class=\"title\">Public<\/h2>\r\n                                                                    <p>- Cette formation est con\u00e7ue pour vous donner une bonne compr\u00e9hension des approches et des outils que vous pouvez utiliser pour r\u00e9ussir chaque \u00e9tape de vos projets data science ou ML.<br> \n\n- Il aide les Manager data \u00e0 d\u00e9finir les meilleures pratiques et les outils ad\u00e9quats pour leurs \u00e9quipes.<br>\n\n- Nous pouvons organiser des ateliers techniques suppl\u00e9mentaires avec <b>les data scientists et les data engineers<\/b> pour se concentrer sur les outils de votre choix.<br>\n<br>\n <b>Profils<\/b>:\nData consultants, data scientists et data engineers\n\n<\/p>\r\n                                                            <\/div>\r\n                        <\/li>\r\n                                            <li>\r\n                                                            <div class=\"icon\">\r\n                                    <i aria-hidden=\"true\" class=\"genix flaticon-trophy\"><\/i>                                <\/div>\r\n                                                        <div class=\"content\">\r\n                                <h2 class=\"title\">Apprentissages<\/h2>\r\n                                                                    <p>A la fin de cette formation, vous aurez acquis des connaissances sur le domaine du MLOps et sur la mani\u00e8re dont il permet aux \u00e9quipes data de g\u00e9rer et de r\u00e9aliser efficacement des projets \u00e0 grande \u00e9chelle. Vous d\u00e9velopperez \u00e9galement une compr\u00e9hension approfondie de la fa\u00e7on dont les data scientists peuvent collaborer efficacement sur leurs exp\u00e9riences ou it\u00e9rations de mod\u00e9lisation et suivre et contr\u00f4ler les mod\u00e8les une fois d\u00e9ploy\u00e9s en production.<\/p>\r\n                                                            <\/div>\r\n                        <\/li>\r\n                                    <\/ul>\r\n            <\/div>\r\n\r\n        \r\n\t\t<\/div>\n\t\t\t\t<\/div>\n\t\t\t\t<div class=\"elementor-element elementor-element-b3ac827 elementor-widget elementor-widget-tg-btn\" data-id=\"b3ac827\" data-element_type=\"widget\" data-widget_type=\"tg-btn.default\">\n\t\t\t\t<div class=\"elementor-widget-container\">\n\t\t\t\r\n        \r\n                            <a href=\"https:\/\/puniminds.com\/fr\/contact-us\/\" target=\"_self\" rel=\"nofollow\" class=\"btn\">\r\n                    Contact Pour plus de d\u00e9tails                <\/a>\r\n            \r\n        \r\n\t\t<\/div>\n\t\t\t\t<\/div>\n\t\t\t\t\t<\/div>\n\t\t<\/div>\n\t\t\t\t<div class=\"elementor-column elementor-col-50 elementor-top-column elementor-element elementor-element-a50b68e mx-auto mx-lg-0\" data-id=\"a50b68e\" data-element_type=\"column\">\n\t\t\t<div class=\"elementor-widget-wrap elementor-element-populated\">\n\t\t\t\t\t\t\t\t<div class=\"elementor-element elementor-element-cae1b70 elementor-widget__width-initial elementor-widget elementor-widget-genix-image\" data-id=\"cae1b70\" data-element_type=\"widget\" data-widget_type=\"genix-image.default\">\n\t\t\t\t<div class=\"elementor-widget-container\">\n\t\t\t\r\n        \r\n            <div class=\"choose-img-two\">\r\n                                    <img decoding=\"async\" src=\"https:\/\/puniminds.com\/wp-content\/uploads\/2023\/09\/mlops.webp\" alt=\"\">\r\n                \r\n                \r\n                            <\/div>\r\n\r\n        \r\n\t\t<\/div>\n\t\t\t\t<\/div>\n\t\t\t\t\t<\/div>\n\t\t<\/div>\n\t\t\t\t\t\t\t<\/div>\n\t\t<\/section>\n\t\t\t\t\t\t\t<\/div>","protected":false},"excerpt":{"rendered":"<p>Catalogue des formations Le temps et le contenu sont ajustables en fonction de vos besoins et de votre objectif principal. Contactez-nous pour discuter de vos besoins. La science des donn\u00e9es au service du marketing Points forts - Introduire data science, l'apprentissage automatique, leurs applications de marketing num\u00e9rique et leur impact sur l'entreprise. - D\u00e9couvrez +10 cas concrets d'utilisation du marketing \u00e0 partir de [...]<\/p>","protected":false},"author":1,"featured_media":0,"parent":0,"menu_order":0,"comment_status":"closed","ping_status":"closed","template":"elementor_header_footer","meta":{"footnotes":""},"acf":[],"_links":{"self":[{"href":"https:\/\/puniminds.com\/fr\/wp-json\/wp\/v2\/pages\/1678"}],"collection":[{"href":"https:\/\/puniminds.com\/fr\/wp-json\/wp\/v2\/pages"}],"about":[{"href":"https:\/\/puniminds.com\/fr\/wp-json\/wp\/v2\/types\/page"}],"author":[{"embeddable":true,"href":"https:\/\/puniminds.com\/fr\/wp-json\/wp\/v2\/users\/1"}],"replies":[{"embeddable":true,"href":"https:\/\/puniminds.com\/fr\/wp-json\/wp\/v2\/comments?post=1678"}],"version-history":[{"count":94,"href":"https:\/\/puniminds.com\/fr\/wp-json\/wp\/v2\/pages\/1678\/revisions"}],"predecessor-version":[{"id":1862,"href":"https:\/\/puniminds.com\/fr\/wp-json\/wp\/v2\/pages\/1678\/revisions\/1862"}],"wp:attachment":[{"href":"https:\/\/puniminds.com\/fr\/wp-json\/wp\/v2\/media?parent=1678"}],"curies":[{"name":"wp","href":"https:\/\/api.w.org\/{rel}","templated":true}]}}