{"id":1864,"date":"2023-09-10T09:27:09","date_gmt":"2023-09-10T08:27:09","guid":{"rendered":"https:\/\/puniminds.com\/?page_id=1864"},"modified":"2023-09-10T10:38:42","modified_gmt":"2023-09-10T09:38:42","slug":"newsletter-data","status":"publish","type":"page","link":"https:\/\/puniminds.com\/fr\/newsletter-data\/","title":{"rendered":"DATA OPS - Newsletter"},"content":{"rendered":"<p><center><br \/>\n<img decoding=\"async\" loading=\"lazy\" src=\"https:\/\/puniminds.com\/wp-content\/uploads\/2023\/09\/newsletter-300x150.png\" alt=\"\" width=\"300\" height=\"150\" class=\"alignnone size-medium wp-image-1889\" srcset=\"https:\/\/puniminds.com\/wp-content\/uploads\/2023\/09\/newsletter-300x150.png 300w, https:\/\/puniminds.com\/wp-content\/uploads\/2023\/09\/newsletter-18x9.png 18w, https:\/\/puniminds.com\/wp-content\/uploads\/2023\/09\/newsletter.png 722w\" sizes=\"(max-width: 300px) 100vw, 300px\" \/><br \/>\n<\/center><\/p>\n<p><strong>Bienvenue \u00e0 la Newsletter Data Science &amp; Machine Learning MLOPS ! \ud83d\udcca<\/strong><br \/>\n<br \/>\n<div class=\"tnp tnp-subscription footer-newsletter\">\n<form method=\"post\" action=\"https:\/\/puniminds.com\/fr\/?na=s\" data-trp-original-action=\"https:\/\/puniminds.com\/fr\/?na=s\">\n\n<input type='hidden' name='nl[]' value='1'>\n<input type='hidden' name='nl[]' value='2'>\n<input type=\"hidden\" name=\"nlang\" value=\"\"><div class=\"tnp-field tnp-field-email\"><label for=\"tnp-1\">Courrier \u00e9lectronique<\/label>\n<input class=\"tnp-email\" type=\"email\" name=\"ne\" id=\"tnp-1\" value=\"\" required><\/div>\n<div class=\"tnp-field tnp-field-button\"><input class=\"tnp-submit\" type=\"submit\" value=\"S&#039;abonner\" >\n<\/div>\n<input type=\"hidden\" name=\"trp-form-language\" value=\"fr\"\/><\/form>\n<\/div>\n\n<br \/>\n\ud83d\udcca Vous \u00eates passionn\u00e9 par le monde de la science des donn\u00e9es, de l'apprentissage automatique et du MLOps ? Vous souhaitez rester au courant des derni\u00e8res actualit\u00e9s du secteur, d\u00e9couvrir de nouveaux outils et packets, et conna\u00eetre les meilleures pratiques dans le domaine ? Ne cherchez pas plus loin : notre newsletter hebdomadaire vous couvre !<\/p>\n<p>Ce que nous partageons :<\/p>\n<p><strong><br \/><span style=\"font-size: 18px;\">1. Derni\u00e8res nouvelles \ud83c\udf10<\/span><\/strong><br \/>\nRestez inform\u00e9 gr\u00e2ce \u00e0 notre s\u00e9lection des nouvelles les plus pertinentes et les plus passionnantes dans le domaine de la science des donn\u00e9es et de l'apprentissage automatique (MLOps). Des perc\u00e9es dans la recherche sur l'IA aux tendances et mises \u00e0 jour de l'industrie.<\/p>\n<p><strong><br \/><span style=\"font-size: 18px;\">2. Essais de nouveaux Packages\ud83e\uddea<\/span><\/strong><br \/>\nD\u00e9couvrez les derniers outils et packages con\u00e7us pour rationaliser vos flux de travail Data &amp; MLOps. Nous fournissons des \u00e9valuations et des analyses approfondies, vous aidant \u00e0 prendre des d\u00e9cisions \u00e9clair\u00e9es sur les outils qui conviennent \u00e0 vos projets.<\/p>\n<p><strong><br \/><span style=\"font-size: 18px;\">3. Bonnes pratiques \ud83d\ude80<\/span><\/strong><br \/>\nApprenez des experts ! Notre newsletter comprend des articles et des conseils sur les meilleures pratiques en mati\u00e8re de Data science, d'apprentissage automatique et de MLOps. Que vous soyez d\u00e9butant ou pro aguerri, vous trouverez de pr\u00e9cieuses informations pour am\u00e9liorer vos comp\u00e9tences et optimiser vos processus.<\/p>\n<p><strong><br \/><span style=\"font-size: 18px;\">4. Articles exclusifs sur le blog et sur Medium \ud83d\udcda<\/span><\/strong><br \/>\nNous ne nous arr\u00eatons pas \u00e0 la newsletter ! Nous publions r\u00e9guli\u00e8rement des articles approfondis sur notre blog et sur Medium, couvrant un large \u00e9ventail de sujets dans les domaines de la data, de l'apprentissage automatique et du MLOps. D\u00e9couvrez quelques-uns de nos articles r\u00e9cents :<\/p>\n<li><a href=\"https:\/\/medium.com\/@kaislar17\/mlops-my-favorite-github-project-template-for-data-science-projects-2edda25099cd\">MLops : Mod\u00e8le de projet GitHub pour les projets de science des donn\u00e9es<\/a><\/li>\n<li><a href=\"https:\/\/betterprogramming.pub\/github-best-practices-when-starting-a-team-project-e557f118ef5e\">Meilleures pratiques GitHub lors du lancement d'un projet d'\u00e9quipe<\/a><\/li>\n<li><a href=\"https:\/\/medium.com\/@kaislar17\/measure-machine-learning-models-live-performance-through-a-b-testing-7398f0a3edcc\">Mesurer les performances en direct des mod\u00e8les d'apprentissage automatique par le biais de tests A\/B<\/a><\/li>\n<p><strong><br \/><span style=\"font-size: 18px;\">Restez connect\u00e9 \ud83d\udcf2<\/span><\/strong><br \/>\nNe manquez pas les derniers d\u00e9veloppements dans le monde de la data, de l'apprentissage automatique et du MLOps. Abonnez-vous \u00e0 notre newsletter et rejoignez notre communaut\u00e9 grandissante de passionn\u00e9s de donn\u00e9es, de professionnels et de chercheurs.<\/p>\n<div class=\"tnp tnp-subscription footer-newsletter\">\n<form method=\"post\" action=\"https:\/\/puniminds.com\/fr\/?na=s\" data-trp-original-action=\"https:\/\/puniminds.com\/fr\/?na=s\">\n\n<input type='hidden' name='nl[]' value='1'>\n<input type='hidden' name='nl[]' value='2'>\n<input type=\"hidden\" name=\"nlang\" value=\"\"><div class=\"tnp-field tnp-field-email\"><label for=\"tnp-3\">Courrier \u00e9lectronique<\/label>\n<input class=\"tnp-email\" type=\"email\" name=\"ne\" id=\"tnp-3\" value=\"\" required><\/div>\n<div class=\"tnp-field tnp-field-button\"><input class=\"tnp-submit\" type=\"submit\" value=\"S&#039;abonner\" >\n<\/div>\n<input type=\"hidden\" name=\"trp-form-language\" value=\"fr\"\/><\/form>\n<\/div>\n\n<p><strong><br \/><span style=\"font-size: 18px;\">Prendre contact \ud83d\udce7<\/span><\/strong><br \/>\nVous avez des questions, des commentaires ou des suggestions ? N'h\u00e9sitez pas \u00e0 nous contacter sur contact@puniminds.com et faites-nous savoir comment nous pouvons mieux vous aider.<br \/>\nRestez curieux, restez inform\u00e9s et gardez une longueur d'avance dans le monde de la data et du MLOps avec nous.<\/p>","protected":false},"excerpt":{"rendered":"<p>Bienvenue \u00e0 la lettre d'information du MLOPS sur la science des donn\u00e9es et l'apprentissage automatique ! \ud83d\udcca \ud83d\udcca Vous \u00eates passionn\u00e9 par le monde de la science des donn\u00e9es, de l'apprentissage automatique et des MLOps ? Vous souhaitez vous tenir au courant des derni\u00e8res actualit\u00e9s du secteur, d\u00e9couvrir de nouveaux outils et packages, et conna\u00eetre les meilleures pratiques dans le domaine ? Ne cherchez pas plus loin - notre hebdomadaire [...]<\/p>","protected":false},"author":1,"featured_media":0,"parent":0,"menu_order":0,"comment_status":"closed","ping_status":"closed","template":"","meta":{"footnotes":""},"acf":[],"_links":{"self":[{"href":"https:\/\/puniminds.com\/fr\/wp-json\/wp\/v2\/pages\/1864"}],"collection":[{"href":"https:\/\/puniminds.com\/fr\/wp-json\/wp\/v2\/pages"}],"about":[{"href":"https:\/\/puniminds.com\/fr\/wp-json\/wp\/v2\/types\/page"}],"author":[{"embeddable":true,"href":"https:\/\/puniminds.com\/fr\/wp-json\/wp\/v2\/users\/1"}],"replies":[{"embeddable":true,"href":"https:\/\/puniminds.com\/fr\/wp-json\/wp\/v2\/comments?post=1864"}],"version-history":[{"count":41,"href":"https:\/\/puniminds.com\/fr\/wp-json\/wp\/v2\/pages\/1864\/revisions"}],"predecessor-version":[{"id":1912,"href":"https:\/\/puniminds.com\/fr\/wp-json\/wp\/v2\/pages\/1864\/revisions\/1912"}],"wp:attachment":[{"href":"https:\/\/puniminds.com\/fr\/wp-json\/wp\/v2\/media?parent=1864"}],"curies":[{"name":"wp","href":"https:\/\/api.w.org\/{rel}","templated":true}]}}