{"id":89,"date":"2023-08-01T09:16:03","date_gmt":"2023-08-01T09:16:03","guid":{"rendered":"https:\/\/themedox.com\/gerow\/?page_id=89"},"modified":"2023-08-29T20:49:05","modified_gmt":"2023-08-29T19:49:05","slug":"team-details","status":"publish","type":"page","link":"https:\/\/puniminds.com\/fr\/team-details\/","title":{"rendered":"D\u00e9tails de l'\u00e9quipe"},"content":{"rendered":"<div data-elementor-type=\"wp-page\" data-elementor-id=\"89\" class=\"elementor elementor-89\">\n\t\t\t\t\t\t\t\t\t<section class=\"elementor-section elementor-top-section elementor-element elementor-element-d4c2066 elementor-section-boxed elementor-section-height-default elementor-section-height-default\" data-id=\"d4c2066\" data-element_type=\"section\">\n\t\t\t\t\t\t<div class=\"elementor-container elementor-column-gap-no\">\n\t\t\t\t\t<div class=\"elementor-column elementor-col-50 elementor-top-column elementor-element elementor-element-37b65ae\" data-id=\"37b65ae\" data-element_type=\"column\">\n\t\t\t<div class=\"elementor-widget-wrap elementor-element-populated\">\n\t\t\t\t\t\t\t\t<div class=\"elementor-element elementor-element-6eca161 elementor-widget elementor-widget-image\" data-id=\"6eca161\" data-element_type=\"widget\" data-widget_type=\"image.default\">\n\t\t\t\t<div class=\"elementor-widget-container\">\n\t\t\t<style>\/*! elementor - v3.15.0 - 20-08-2023 *\/\n.elementor-widget-image{text-align:center}.elementor-widget-image a{display:inline-block}.elementor-widget-image a img[src$=\".svg\"]{width:48px}.elementor-widget-image img{vertical-align:middle;display:inline-block}<\/style>\t\t\t\t\t\t\t\t\t\t\t\t<img decoding=\"async\" loading=\"lazy\" width=\"460\" height=\"590\" src=\"https:\/\/puniminds.com\/wp-content\/uploads\/2023\/08\/team_details_img.jpg\" class=\"attachment-full size-full wp-image-1135\" alt=\"\" srcset=\"https:\/\/puniminds.com\/wp-content\/uploads\/2023\/08\/team_details_img.jpg 460w, https:\/\/puniminds.com\/wp-content\/uploads\/2023\/08\/team_details_img-234x300.jpg 234w\" sizes=\"(max-width: 460px) 100vw, 460px\" \/>\t\t\t\t\t\t\t\t\t\t\t\t\t\t\t<\/div>\n\t\t\t\t<\/div>\n\t\t\t\t<div class=\"elementor-element elementor-element-1aca650 elementor-widget elementor-widget-team-info\" data-id=\"1aca650\" data-element_type=\"widget\" data-widget_type=\"team-info.default\">\n\t\t\t\t<div class=\"elementor-widget-container\">\n\t\t\t\r\n        <div class=\"team-details-info\">\r\n            <ul class=\"list-wrap\">\r\n                                    <li>\r\n                                                    <i aria-hidden=\"true\" class=\"genix flaticon-phone-call\"><\/i>                                                +123 8989 444                    <\/li>\r\n                                    <li>\r\n                                                    <i aria-hidden=\"true\" class=\"genix flaticon-mail\"><\/i>                                                info@gmail.com                    <\/li>\r\n                                    <li>\r\n                                                    <i aria-hidden=\"true\" class=\"genix flaticon-location\"><\/i>                                                256 Avenue, Mark Street, Newyork                    <\/li>\r\n                            <\/ul>\r\n            <div class=\"td-info-bottom\">\r\n\r\n                                    <a href=\"#\" class=\"btn btn-three\">Me contacter<\/a>\r\n                \r\n                                    <a href=\"#\" class=\"share-btn\">\r\n                        <img decoding=\"async\" src=\"https:\/\/puniminds.com\/wp-content\/themes\/gerow\/assets\/img\/icons\/share.svg\" alt=\"Icon\">Partager                    <\/a>\r\n                \r\n            <\/div>\r\n        <\/div>\r\n\r\n\t\t<\/div>\n\t\t\t\t<\/div>\n\t\t\t\t\t<\/div>\n\t\t<\/div>\n\t\t\t\t<div class=\"elementor-column elementor-col-50 elementor-top-column elementor-element elementor-element-41b4ab2\" data-id=\"41b4ab2\" data-element_type=\"column\">\n\t\t\t<div class=\"elementor-widget-wrap elementor-element-populated\">\n\t\t\t\t\t\t\t\t<div class=\"elementor-element elementor-element-26e2c34 elementor-widget elementor-widget-heading\" data-id=\"26e2c34\" data-element_type=\"widget\" data-widget_type=\"heading.default\">\n\t\t\t\t<div class=\"elementor-widget-container\">\n\t\t\t<style>\/*! elementor - v3.15.0 - 20-08-2023 *\/\n.elementor-heading-title{padding:0;margin:0;line-height:1}.elementor-widget-heading .elementor-heading-title[class*=elementor-size-]>a{color:inherit;font-size:inherit;line-height:inherit}.elementor-widget-heading .elementor-heading-title.elementor-size-small{font-size:15px}.elementor-widget-heading .elementor-heading-title.elementor-size-medium{font-size:19px}.elementor-widget-heading .elementor-heading-title.elementor-size-large{font-size:29px}.elementor-widget-heading .elementor-heading-title.elementor-size-xl{font-size:39px}.elementor-widget-heading .elementor-heading-title.elementor-size-xxl{font-size:59px}<\/style><h2 class=\"elementor-heading-title elementor-size-default\">Leslie Alexander<\/h2>\t\t<\/div>\n\t\t\t\t<\/div>\n\t\t\t\t<div class=\"elementor-element elementor-element-cf95bd7 team-details-title elementor-widget elementor-widget-heading\" data-id=\"cf95bd7\" data-element_type=\"widget\" data-widget_type=\"heading.default\">\n\t\t\t\t<div class=\"elementor-widget-container\">\n\t\t\t<p class=\"elementor-heading-title elementor-size-default\">Conseiller financier<\/p>\t\t<\/div>\n\t\t\t\t<\/div>\n\t\t\t\t<div class=\"elementor-element elementor-element-627437a elementor-widget elementor-widget-heading\" data-id=\"627437a\" data-element_type=\"widget\" data-widget_type=\"heading.default\">\n\t\t\t\t<div class=\"elementor-widget-container\">\n\t\t\t<p class=\"elementor-heading-title elementor-size-default\">Estibulum ac diam sit amet quam vehicula elementum sed sit amet dui Sed porttitor lect us nibh. Praesent sapien massa, convallis a pellentesquam vehiculaestibulum ac diam sit amet quam vehicula elementumsit amet dui Sed porttitor lectus nibPraesent sapien massa convallis a pellentese nec diam sit amet quam vehicula.<\/p>\t\t<\/div>\n\t\t\t\t<\/div>\n\t\t\t\t<div class=\"elementor-element elementor-element-25a7f4f team-details-title elementor-widget elementor-widget-heading\" data-id=\"25a7f4f\" data-element_type=\"widget\" data-widget_type=\"heading.default\">\n\t\t\t\t<div class=\"elementor-widget-container\">\n\t\t\t<h2 class=\"elementor-heading-title elementor-size-default\">Mon expertise et mes comp\u00e9tences<\/h2>\t\t<\/div>\n\t\t\t\t<\/div>\n\t\t\t\t<div class=\"elementor-element elementor-element-bc31a71 elementor-widget elementor-widget-heading\" data-id=\"bc31a71\" data-element_type=\"widget\" data-widget_type=\"heading.default\">\n\t\t\t\t<div class=\"elementor-widget-container\">\n\t\t\t<p class=\"elementor-heading-title elementor-size-default\">Lorsqu'un imprimeur inconnu a pris une gal\u00e8re de caract\u00e8res et l'a brouill\u00e9e pour en faire un livre de sp\u00e9cimens de caract\u00e8res, il a surv\u00e9cu non seulement \u00e0 cinq si\u00e8cles.<\/p>\t\t<\/div>\n\t\t\t\t<\/div>\n\t\t\t\t<div class=\"elementor-element elementor-element-5baf34b elementor-widget elementor-widget-tg-progressbar\" data-id=\"5baf34b\" data-element_type=\"widget\" data-widget_type=\"tg-progressbar.default\">\n\t\t\t\t<div class=\"elementor-widget-container\">\n\t\t\t\r\n\r\n        \r\n            <div class=\"progress-wrap\">\r\n                                    <div class=\"progress-item\">\r\n                        <h6 class=\"title\">Conseil financier<\/h6>\r\n                        <div class=\"progress\" role=\"progressbar\" aria-label=\"Exemple avec \u00e9tiquette\" aria-valuenow=\"65\" aria-valuemin=\"0\" aria-valuemax=\"100\">\r\n                            <div class=\"progress-bar wow slideInLeft\" data-wow-delay=\".1s\" style=\"width: 65%\">\r\n                                <span>65%<\/span>\r\n                            <\/div>\r\n                        <\/div>\r\n                    <\/div>\r\n                                    <div class=\"progress-item\">\r\n                        <h6 class=\"title\">Entreprises<\/h6>\r\n                        <div class=\"progress\" role=\"progressbar\" aria-label=\"Exemple avec \u00e9tiquette\" aria-valuenow=\"80\" aria-valuemin=\"0\" aria-valuemax=\"100\">\r\n                            <div class=\"progress-bar wow slideInLeft\" data-wow-delay=\".2s\" style=\"width: 80%\">\r\n                                <span>80%<\/span>\r\n                            <\/div>\r\n                        <\/div>\r\n                    <\/div>\r\n                                    <div class=\"progress-item\">\r\n                        <h6 class=\"title\">Marketing<\/h6>\r\n                        <div class=\"progress\" role=\"progressbar\" aria-label=\"Exemple avec \u00e9tiquette\" aria-valuenow=\"90\" aria-valuemin=\"0\" aria-valuemax=\"100\">\r\n                            <div class=\"progress-bar wow slideInLeft\" data-wow-delay=\".3s\" style=\"width: 90%\">\r\n                                <span>90%<\/span>\r\n                            <\/div>\r\n                        <\/div>\r\n                    <\/div>\r\n                            <\/div>\r\n\r\n        \r\n\t\t<\/div>\n\t\t\t\t<\/div>\n\t\t\t\t<div class=\"elementor-element elementor-element-1a46be3 elementor-widget elementor-widget-heading\" data-id=\"1a46be3\" data-element_type=\"widget\" data-widget_type=\"heading.default\">\n\t\t\t\t<div class=\"elementor-widget-container\">\n\t\t\t<p class=\"elementor-heading-title elementor-size-default\">Estibulum ac diam sit amet quam vehicula elementum sed sit amet dui Sed porttitor lect us nibh. Praesent sapien massa, convallis a pellentesquam vehiculaestibulum ac diam sit amet quam vehicula elementumsit amet dui Sed porttitor lectus nibPraesent sapien massa convallis a pellentese nec diam sit amet quam vehicula.<\/p>\t\t<\/div>\n\t\t\t\t<\/div>\n\t\t\t\t\t<\/div>\n\t\t<\/div>\n\t\t\t\t\t\t\t<\/div>\n\t\t<\/section>\n\t\t\t\t\t\t\t<\/div>","protected":false},"excerpt":{"rendered":"<p>+123 8989 444 info@gmail.com 256 Avenue, Mark Street, Newyork City Me contacter Share Leslie Alexander Finance Advisor Estibulum ac diam sit amet quam vehicula elementum sed sit amet dui Sed porttitor lect us nibh. Le site internet de l'association a \u00e9t\u00e9 mis \u00e0 jour en 2009 et est d\u00e9sormais disponible sur le site internet de l'association.<\/p>","protected":false},"author":1,"featured_media":0,"parent":0,"menu_order":0,"comment_status":"closed","ping_status":"closed","template":"elementor_header_footer","meta":{"footnotes":""},"acf":[],"_links":{"self":[{"href":"https:\/\/puniminds.com\/fr\/wp-json\/wp\/v2\/pages\/89"}],"collection":[{"href":"https:\/\/puniminds.com\/fr\/wp-json\/wp\/v2\/pages"}],"about":[{"href":"https:\/\/puniminds.com\/fr\/wp-json\/wp\/v2\/types\/page"}],"author":[{"embeddable":true,"href":"https:\/\/puniminds.com\/fr\/wp-json\/wp\/v2\/users\/1"}],"replies":[{"embeddable":true,"href":"https:\/\/puniminds.com\/fr\/wp-json\/wp\/v2\/comments?post=89"}],"version-history":[{"count":1,"href":"https:\/\/puniminds.com\/fr\/wp-json\/wp\/v2\/pages\/89\/revisions"}],"predecessor-version":[{"id":1194,"href":"https:\/\/puniminds.com\/fr\/wp-json\/wp\/v2\/pages\/89\/revisions\/1194"}],"wp:attachment":[{"href":"https:\/\/puniminds.com\/fr\/wp-json\/wp\/v2\/media?parent=89"}],"curies":[{"name":"wp","href":"https:\/\/api.w.org\/{rel}","templated":true}]}}